{"id":3020,"date":"2016-07-26T10:20:55","date_gmt":"2016-07-26T08:20:55","guid":{"rendered":"https:\/\/www.isirdi.com\/gerard-isirdi\/"},"modified":"2026-01-05T16:52:14","modified_gmt":"2026-01-05T15:52:14","slug":"gerard-isirdi","status":"publish","type":"page","link":"https:\/\/www.isirdi.com\/en\/","title":{"rendered":"G\u00e9rard Isirdi"},"content":{"rendered":"<div class=\"wpb-content-wrapper\"><p>[vc_row][vc_column][rev_slider_vc alias=&#8221;artist-slider-1&#8243;][vc_empty_space height=&#8221;50px&#8221;]<h3 class=\"ws-heading text-center\">Welcome to Lourmarin !<\/h3><div class=\"ws-separator\"><\/div>[\/vc_column][\/vc_row][vc_row][vc_column width=&#8221;1\/6&#8243;][\/vc_column][vc_column width=&#8221;2\/3&#8243;][vc_column_text]<\/p>\n<div style=\"text-align: center;\">\n<p>Discover the work of Gerard Isirdi, a painter in Provence.<br \/>\nOrder online and personalize your posters, screen prints, limited edition prints, books, and more. . .<br \/>\nWe have more than 50 models available<\/p>\n<\/div>\n<p>[\/vc_column_text][vc_empty_space height=&#8221;10px&#8221;][\/vc_column][vc_column width=&#8221;1\/6&#8243;][\/vc_column][\/vc_row][vc_row full_width=&#8221;stretch_row&#8221; css=&#8221;.vc_custom_1468669695005{padding-top: 70px !important;}&#8221;][vc_column width=&#8221;1\/3&#8243;]\t<div class=\"ws-featured-collections clearfix\">\n\t\t\t\t\t<!-- Item -->\n\t\t\t\t\t<div class=\"featured-collections-item\">\n\t\t\t\t\t\t<a href=\"https:\/\/www.isirdi.com\/en\/tableaux\/giclees-on-canvas\/\" target=\"_self\" title=\"\">\n\t\t\t\t\t\t\t<div class=\"thumbnail\">\n\t\t\t\t\t\t\t\t<img decoding=\"async\" src=\"https:\/\/www.isirdi.com\/wp-content\/uploads\/2021\/12\/LYS-551x551.jpg?v=1639252558\" alt\/>\n\t\t\t\t\t\t\t\t<div class=\"ws-overlay\">\n\t\t\t\t\t\t\t\t\t<div class=\"caption\">\n\t\t\t\t\t\t\t\t\t\t<h3>Giclees on canvas<\/h3>\n\t\t\t\t\t\t\t\t\t<\/div>\n\t\t\t\t\t\t\t\t<\/div>\n\t\t\t\t\t\t\t<\/div>\n\t\t\t\t\t\t<\/a>\n\t\t\t\t\t<\/div>\n\t\t\t\t<\/div>[\/vc_column][vc_column width=&#8221;1\/3&#8243;]\t<div class=\"ws-featured-collections clearfix\">\n\t\t\t\t\t<!-- Item -->\n\t\t\t\t\t<div class=\"featured-collections-item\">\n\t\t\t\t\t\t<a href=\"https:\/\/www.isirdi.com\/en\/tableaux\/posters\/\" target=\"_self\" title=\"\">\n\t\t\t\t\t\t\t<div class=\"thumbnail\">\n\t\t\t\t\t\t\t\t<img decoding=\"async\" src=\"https:\/\/www.isirdi.com\/wp-content\/uploads\/2018\/07\/mea-chapeau.jpg\" alt\/>\n\t\t\t\t\t\t\t\t<div class=\"ws-overlay\">\n\t\t\t\t\t\t\t\t\t<div class=\"caption\">\n\t\t\t\t\t\t\t\t\t\t<h3>Posters<\/h3>\n\t\t\t\t\t\t\t\t\t<\/div>\n\t\t\t\t\t\t\t\t<\/div>\n\t\t\t\t\t\t\t<\/div>\n\t\t\t\t\t\t<\/a>\n\t\t\t\t\t<\/div>\n\t\t\t\t<\/div>[\/vc_column][vc_column width=&#8221;1\/3&#8243;]\t<div class=\"ws-featured-collections clearfix\">\n\t\t\t\t\t<!-- Item -->\n\t\t\t\t\t<div class=\"featured-collections-item\">\n\t\t\t\t\t\t<a href=\"https:\/\/www.isirdi.com\/en\/tableaux\/livres-en\/\" target=\"_self\" title=\"\">\n\t\t\t\t\t\t\t<div class=\"thumbnail\">\n\t\t\t\t\t\t\t\t<img decoding=\"async\" src=\"https:\/\/www.isirdi.com\/wp-content\/uploads\/2018\/07\/mea-livre.jpg\" alt\/>\n\t\t\t\t\t\t\t\t<div class=\"ws-overlay\">\n\t\t\t\t\t\t\t\t\t<div class=\"caption\">\n\t\t\t\t\t\t\t\t\t\t<h3>Books<\/h3>\n\t\t\t\t\t\t\t\t\t<\/div>\n\t\t\t\t\t\t\t\t<\/div>\n\t\t\t\t\t\t\t<\/div>\n\t\t\t\t\t\t<\/a>\n\t\t\t\t\t<\/div>\n\t\t\t\t<\/div>[\/vc_column][\/vc_row][vc_row full_width=&#8221;stretch_row&#8221;][vc_column][vc_empty_space height=&#8221;70px&#8221;]<h3 class=\"ws-heading text-center\">New<\/h3><div class=\"ws-separator\"><\/div>[vc_empty_space height=&#8221;20px&#8221;][\/vc_column][\/vc_row][vc_row full_width=&#8221;stretch_row_content&#8221;][vc_column][vc_raw_html]W3JlY2VudF9wcm9kdWN0cyBwZXJfcGFnZT0iMyIgb3JkZXI9ImRlc2MiIGNhdF9vcGVyYXRvcj0iTk9UIElOIiBjYXRlZ29yeT0ib3Bwb3J0dW5pdGllcyJd[\/vc_raw_html][vc_empty_space height=&#8221;70px&#8221;][\/vc_column][\/vc_row][vc_row][vc_column]<h3 class=\"ws-heading text-center\">Actualit\u00e9s<\/h3><div class=\"ws-separator\"><\/div>[vc_empty_space height=&#8221;20px&#8221;][vc_basic_grid post_type=&#8221;post&#8221; max_items=&#8221;2&#8243; style=&#8221;lazy&#8221; items_per_page=&#8221;2&#8243; element_width=&#8221;6&#8243; item=&#8221;basicGrid_FadeInWithSideContent&#8221; grid_id=&#8221;vc_gid:1767628321117-d1b7c46c-e0f4-5&#8243; taxonomies=&#8221;54&#8243;][vc_btn title=&#8221;All news&#8221; style=&#8221;flat&#8221; shape=&#8221;square&#8221; color=&#8221;mulled-wine&#8221; align=&#8221;center&#8221; i_icon_fontawesome=&#8221;fa fa-bullhorn&#8221; add_icon=&#8221;true&#8221; link=&#8221;url:https%3A%2F%2Fwww.isirdi.com%2Fen%2Fall-news%2F|&#8221;][vc_empty_space height=&#8221;50px&#8221;][\/vc_column][\/vc_row][vc_row full_width=&#8221;stretch_row_content_no_spaces&#8221; parallax=&#8221;content-moving-fade&#8221; parallax_image=&#8221;3557&#8243;][vc_column]<section class=\"ws-call-section\">\n\t\t\t\t\t<div class=\"ws-overlay-call\">     \n\t\t\t\t\t\t<div class=\"ws-parallax-caption\">\n\t\t\t\t\t\t\t<div class=\"ws-parallax-holder\">\n\t\t\t\t\t\t\t\t<div class=\"col-sm-6 col-sm-offset-3\">\n\t\t\t\t\t\t\t\t\t<h2>Le Blog<\/h2>\n\t\t\t\t\t\t\t\t\t<div class=\"ws-separator\"><\/div>\n\t\t\t\t\t\t\t\t\t<p>Chers amis, j'ai d\u00e9cid\u00e9 de partager avec vous quelques \u00e9pisodes de ma vie de peintre. Vous \u00eates nombreux \u00e0 me l\u2019avoir demand\u00e9. J\u2019esp\u00e8re vous r\u00e9pondre \u00e0 travers ce blog, photo-reportage \u00e0 l\u2019appui !<\/p>\n\t\t\t\t\t\t\t\t\t<div class=\"ws-call-btn\">\n\t\t\t\t\t\t\t\t\t\t<a href=\"https:\/\/www.isirdi.com\/journal\/\" title=\"\" target=\"_self\">Tous les articles du Blog<\/a>\n\t\t\t\t\t\t\t\t\t<\/div>\n\t\t\t\t\t\t\t\t<\/div>\n\t\t\t\t\t\t\t<\/div>\n\t\t\t\t\t\t<\/div>\n\t\t\t\t\t<\/div>\n\t\t\t\t<\/section>[\/vc_column][\/vc_row]<\/p>\n<\/div>","protected":false},"excerpt":{"rendered":"<p>[vc_row][vc_column][rev_slider_vc alias=&#8221;artist-slider-1&#8243;][vc_empty_space height=&#8221;50px&#8221;][\/vc_column][\/vc_row][vc_row][vc_column width=&#8221;1\/6&#8243;][\/vc_column][vc_column width=&#8221;2\/3&#8243;][vc_column_text] Discover the work of Gerard Isirdi, a painter in Provence. Order online and personalize your posters, screen prints, limited edition prints, books, and more. . . We have more than 50 models available [\/vc_column_text][vc_empty_space height=&#8221;10px&#8221;][\/vc_column][vc_column width=&#8221;1\/6&#8243;][\/vc_column][\/vc_row][vc_row full_width=&#8221;stretch_row&#8221; css=&#8221;.vc_custom_1468669695005{padding-top: 70px !important;}&#8221;][vc_column width=&#8221;1\/3&#8243;][\/vc_column][vc_column width=&#8221;1\/3&#8243;][\/vc_column][vc_column width=&#8221;1\/3&#8243;][\/vc_column][\/vc_row][vc_row full_width=&#8221;stretch_row&#8221;][vc_column][vc_empty_space height=&#8221;70px&#8221;][vc_empty_space height=&#8221;20px&#8221;][\/vc_column][\/vc_row][vc_row full_width=&#8221;stretch_row_content&#8221;][vc_column][vc_raw_html]W3JlY2VudF9wcm9kdWN0cyBwZXJfcGFnZT0iMyIgb3JkZXI9ImRlc2MiIGNhdF9vcGVyYXRvcj0iTk9UIElOIiBjYXRlZ29yeT0ib3Bwb3J0dW5pdGllcyJd[\/vc_raw_html][vc_empty_space height=&#8221;70px&#8221;][\/vc_column][\/vc_row][vc_row][vc_column][vc_empty_space height=&#8221;20px&#8221;][vc_basic_grid post_type=&#8221;post&#8221; [&hellip;]<\/p>\n","protected":false},"author":1,"featured_media":0,"parent":0,"menu_order":0,"comment_status":"closed","ping_status":"closed","template":"template-home.php","meta":{"sfsi_plus_gutenberg_text_before_share":"","sfsi_plus_gutenberg_show_text_before_share":"","sfsi_plus_gutenberg_icon_type":"","sfsi_plus_gutenberg_icon_alignemt":"","sfsi_plus_gutenburg_max_per_row":"","footnotes":""},"class_list":["post-3020","page","type-page","status-publish","hentry"],"aioseo_notices":[],"_links":{"self":[{"href":"https:\/\/www.isirdi.com\/en\/wp-json\/wp\/v2\/pages\/3020","targetHints":{"allow":["GET"]}}],"collection":[{"href":"https:\/\/www.isirdi.com\/en\/wp-json\/wp\/v2\/pages"}],"about":[{"href":"https:\/\/www.isirdi.com\/en\/wp-json\/wp\/v2\/types\/page"}],"author":[{"embeddable":true,"href":"https:\/\/www.isirdi.com\/en\/wp-json\/wp\/v2\/users\/1"}],"replies":[{"embeddable":true,"href":"https:\/\/www.isirdi.com\/en\/wp-json\/wp\/v2\/comments?post=3020"}],"version-history":[{"count":64,"href":"https:\/\/www.isirdi.com\/en\/wp-json\/wp\/v2\/pages\/3020\/revisions"}],"predecessor-version":[{"id":67523,"href":"https:\/\/www.isirdi.com\/en\/wp-json\/wp\/v2\/pages\/3020\/revisions\/67523"}],"wp:attachment":[{"href":"https:\/\/www.isirdi.com\/en\/wp-json\/wp\/v2\/media?parent=3020"}],"curies":[{"name":"wp","href":"https:\/\/api.w.org\/{rel}","templated":true}]}}