{"id":2944,"date":"2018-11-22T07:00:03","date_gmt":"2018-11-22T06:00:03","guid":{"rendered":"https:\/\/www.isirdi.com\/boutique-isirdi\/femmes-attablees\/"},"modified":"2023-09-03T14:47:10","modified_gmt":"2023-09-03T12:47:10","slug":"femmes-attablees","status":"publish","type":"product","link":"https:\/\/www.isirdi.com\/en\/boutique-isirdi\/femmes-attablees\/","title":{"rendered":"Femmes attabl\u00e9es"},"content":{"rendered":"<p>Poster on paper mat 200g\/m2<br \/>\n(70 x 100 cm)<\/p>\n<p>&nbsp;<\/p>\n<p>&nbsp;<\/p>\n<p>G\u00e9n\u00e9ralement exp\u00e9di\u00e9 sous 24 heures<\/p>\n<p>&nbsp;<\/p>\n<p>&nbsp;<\/p>\n<p>&nbsp;<\/p>\n<p>&nbsp;<\/p>\n<p>&nbsp;<\/p>\n<p>&nbsp;<\/p>\n","protected":false},"excerpt":{"rendered":"<p>Poster on paper mat 200g\/m2 (70 x 100 cm) &nbsp; &nbsp; G\u00e9n\u00e9ralement exp\u00e9di\u00e9 sous 24 heures &nbsp; &nbsp; &nbsp; &nbsp; &nbsp; &nbsp;<\/p>\n","protected":false},"featured_media":3099,"template":"","meta":{"sfsi_plus_gutenberg_text_before_share":"","sfsi_plus_gutenberg_show_text_before_share":"","sfsi_plus_gutenberg_icon_type":"","sfsi_plus_gutenberg_icon_alignemt":"","sfsi_plus_gutenburg_max_per_row":""},"product_brand":[],"product_cat":[80,76],"product_tag":[],"class_list":{"0":"post-2944","1":"product","2":"type-product","3":"status-publish","4":"has-post-thumbnail","6":"product_cat-news-uk","7":"product_cat-posters","9":"first","10":"instock","11":"taxable","12":"shipping-taxable","13":"purchasable","14":"product-type-simple"},"exclude_global_add_ons":false,"addons":[{"name":"Personalize","type":"heading","position":0,"required":false,"title_format":"label","default":"","description_enable":true,"description":"For a dedication from the artist, please note below your text: It\u2019s free!","placeholder_enable":false,"placeholder":"","display":"select","restrictions_type":"any_text","adjust_price":false,"price":"","price_type":"flat_fee","restrictions":false,"min":"0","max":"0","options":[],"id":1732204666},{"name":"Personalize","type":"custom_textarea","position":1,"required":false,"title_format":"hide","default":"","description_enable":false,"description":"","placeholder_enable":false,"placeholder":"","display":"select","restrictions_type":"any_text","adjust_price":false,"price":"","price_type":"quantity_based","restrictions":true,"min":"5","max":"50","options":[],"id":1732204667}],"aioseo_notices":[],"_links":{"self":[{"href":"https:\/\/www.isirdi.com\/en\/wp-json\/wp\/v2\/product\/2944","targetHints":{"allow":["GET"]}}],"collection":[{"href":"https:\/\/www.isirdi.com\/en\/wp-json\/wp\/v2\/product"}],"about":[{"href":"https:\/\/www.isirdi.com\/en\/wp-json\/wp\/v2\/types\/product"}],"wp:featuredmedia":[{"embeddable":true,"href":"https:\/\/www.isirdi.com\/en\/wp-json\/wp\/v2\/media\/3099"}],"wp:attachment":[{"href":"https:\/\/www.isirdi.com\/en\/wp-json\/wp\/v2\/media?parent=2944"}],"wp:term":[{"taxonomy":"product_brand","embeddable":true,"href":"https:\/\/www.isirdi.com\/en\/wp-json\/wp\/v2\/product_brand?post=2944"},{"taxonomy":"product_cat","embeddable":true,"href":"https:\/\/www.isirdi.com\/en\/wp-json\/wp\/v2\/product_cat?post=2944"},{"taxonomy":"product_tag","embeddable":true,"href":"https:\/\/www.isirdi.com\/en\/wp-json\/wp\/v2\/product_tag?post=2944"}],"curies":[{"name":"wp","href":"https:\/\/api.w.org\/{rel}","templated":true}]}}