{"id":3073,"date":"2016-07-26T18:37:40","date_gmt":"2016-07-26T16:37:40","guid":{"rendered":"https:\/\/www.isirdi.com\/boutique-isirdi\/achillees\/"},"modified":"2018-09-06T14:19:52","modified_gmt":"2018-09-06T12:19:52","slug":"achillees","status":"publish","type":"product","link":"https:\/\/www.isirdi.com\/en\/boutique-isirdi\/achillees\/","title":{"rendered":"Achill\u00e9es"},"content":{"rendered":"<p>Poster on paper mat 180g\/m2<br \/>\n(68 x 84 cm).<\/p>\n<p>G\u00e9n\u00e9ralement exp\u00e9di\u00e9 sous 24 heures<\/p>\n","protected":false},"excerpt":{"rendered":"<p>Poster on paper mat 180g\/m2 (68 x 84 cm). G\u00e9n\u00e9ralement exp\u00e9di\u00e9 sous 24 heures<\/p>\n","protected":false},"featured_media":2769,"template":"","meta":{"sfsi_plus_gutenberg_text_before_share":"","sfsi_plus_gutenberg_show_text_before_share":"","sfsi_plus_gutenberg_icon_type":"","sfsi_plus_gutenberg_icon_alignemt":"","sfsi_plus_gutenburg_max_per_row":""},"product_brand":[],"product_cat":[87],"product_tag":[],"class_list":{"0":"post-3073","1":"product","2":"type-product","3":"status-publish","4":"has-post-thumbnail","6":"product_cat-non-classifiee","8":"first","9":"instock","10":"taxable","11":"shipping-taxable","12":"purchasable","13":"product-type-simple"},"exclude_global_add_ons":false,"addons":[{"name":"Personalize","type":"heading","position":0,"required":false,"title_format":"label","default":"","description_enable":true,"description":"For a dedication from the artist, please note below your text: It\u2019s free!","placeholder_enable":false,"placeholder":"","display":"select","restrictions_type":"any_text","adjust_price":false,"price":"","price_type":"flat_fee","restrictions":false,"min":"0","max":"0","options":[],"id":1732204666},{"name":"Personalize","type":"custom_textarea","position":1,"required":false,"title_format":"hide","default":"","description_enable":false,"description":"","placeholder_enable":false,"placeholder":"","display":"select","restrictions_type":"any_text","adjust_price":false,"price":"","price_type":"quantity_based","restrictions":true,"min":"5","max":"50","options":[],"id":1732204667}],"aioseo_notices":[],"_links":{"self":[{"href":"https:\/\/www.isirdi.com\/en\/wp-json\/wp\/v2\/product\/3073","targetHints":{"allow":["GET"]}}],"collection":[{"href":"https:\/\/www.isirdi.com\/en\/wp-json\/wp\/v2\/product"}],"about":[{"href":"https:\/\/www.isirdi.com\/en\/wp-json\/wp\/v2\/types\/product"}],"wp:featuredmedia":[{"embeddable":true,"href":"https:\/\/www.isirdi.com\/en\/wp-json\/wp\/v2\/media\/2769"}],"wp:attachment":[{"href":"https:\/\/www.isirdi.com\/en\/wp-json\/wp\/v2\/media?parent=3073"}],"wp:term":[{"taxonomy":"product_brand","embeddable":true,"href":"https:\/\/www.isirdi.com\/en\/wp-json\/wp\/v2\/product_brand?post=3073"},{"taxonomy":"product_cat","embeddable":true,"href":"https:\/\/www.isirdi.com\/en\/wp-json\/wp\/v2\/product_cat?post=3073"},{"taxonomy":"product_tag","embeddable":true,"href":"https:\/\/www.isirdi.com\/en\/wp-json\/wp\/v2\/product_tag?post=3073"}],"curies":[{"name":"wp","href":"https:\/\/api.w.org\/{rel}","templated":true}]}}