{"id":67686,"date":"2026-03-12T15:49:18","date_gmt":"2026-03-12T14:49:18","guid":{"rendered":"https:\/\/www.isirdi.com\/?post_type=product&#038;p=67686"},"modified":"2026-03-12T16:02:33","modified_gmt":"2026-03-12T15:02:33","slug":"lourmarin-municipales-2026","status":"publish","type":"product","link":"https:\/\/www.isirdi.com\/en\/boutique-isirdi\/lourmarin-municipales-2026\/","title":{"rendered":"Lourmarin municipales 2026"},"content":{"rendered":"<p>Edition limit\u00e9e \u00e0 15 exemplaires num\u00e9rot\u00e9s de 1\/15 \u00e0 15\/15 (nombre de membres de notre intemporel conseil municipal\u00a0\u2013 hors 4 Epreuves d\u2019Artiste.)<\/p>\n<p data-start=\"384\" data-end=\"409\"><strong data-start=\"384\" data-end=\"407\">Exp\u00e9dition &amp; d\u00e9lais<\/strong><\/p>\n<ul data-start=\"410\" data-end=\"529\">\n<li data-start=\"468\" data-end=\"529\">\n<p data-start=\"470\" data-end=\"529\">Exp\u00e9dition rapide sous 24 h (hors week-end et jours f\u00e9ri\u00e9s)<\/p>\n<\/li>\n<\/ul>\n","protected":false},"excerpt":{"rendered":"<p>Edition limit\u00e9e \u00e0 15 exemplaires num\u00e9rot\u00e9s de 1\/15 \u00e0 15\/15 (nombre de membres de notre intemporel conseil municipal\u00a0\u2013 hors 4 Epreuves d\u2019Artiste.) Exp\u00e9dition &amp; d\u00e9lais Exp\u00e9dition rapide sous 24 h (hors week-end et jours f\u00e9ri\u00e9s)<\/p>\n","protected":false},"featured_media":67645,"template":"","meta":{"sfsi_plus_gutenberg_text_before_share":"","sfsi_plus_gutenberg_show_text_before_share":"","sfsi_plus_gutenberg_icon_type":"","sfsi_plus_gutenberg_icon_alignemt":"","sfsi_plus_gutenburg_max_per_row":""},"product_brand":[],"product_cat":[41],"product_tag":[],"class_list":{"0":"post-67686","1":"product","2":"type-product","3":"status-publish","4":"has-post-thumbnail","6":"product_cat-affiches","8":"first","9":"instock","10":"taxable","11":"shipping-taxable","12":"purchasable","13":"product-type-variable"},"exclude_global_add_ons":false,"addons":[{"name":"Personalize","type":"heading","position":0,"required":false,"title_format":"label","default":"","description_enable":true,"description":"For a dedication from the artist, please note below your text: It\u2019s free!","placeholder_enable":false,"placeholder":"","display":"select","restrictions_type":"any_text","adjust_price":false,"price":"","price_type":"flat_fee","restrictions":false,"min":"0","max":"0","options":[],"id":1732204666},{"name":"Personalize","type":"custom_textarea","position":1,"required":false,"title_format":"hide","default":"","description_enable":false,"description":"","placeholder_enable":false,"placeholder":"","display":"select","restrictions_type":"any_text","adjust_price":false,"price":"","price_type":"quantity_based","restrictions":true,"min":"5","max":"50","options":[],"id":1732204667}],"aioseo_notices":[],"_links":{"self":[{"href":"https:\/\/www.isirdi.com\/en\/wp-json\/wp\/v2\/product\/67686","targetHints":{"allow":["GET"]}}],"collection":[{"href":"https:\/\/www.isirdi.com\/en\/wp-json\/wp\/v2\/product"}],"about":[{"href":"https:\/\/www.isirdi.com\/en\/wp-json\/wp\/v2\/types\/product"}],"wp:featuredmedia":[{"embeddable":true,"href":"https:\/\/www.isirdi.com\/en\/wp-json\/wp\/v2\/media\/67645"}],"wp:attachment":[{"href":"https:\/\/www.isirdi.com\/en\/wp-json\/wp\/v2\/media?parent=67686"}],"wp:term":[{"taxonomy":"product_brand","embeddable":true,"href":"https:\/\/www.isirdi.com\/en\/wp-json\/wp\/v2\/product_brand?post=67686"},{"taxonomy":"product_cat","embeddable":true,"href":"https:\/\/www.isirdi.com\/en\/wp-json\/wp\/v2\/product_cat?post=67686"},{"taxonomy":"product_tag","embeddable":true,"href":"https:\/\/www.isirdi.com\/en\/wp-json\/wp\/v2\/product_tag?post=67686"}],"curies":[{"name":"wp","href":"https:\/\/api.w.org\/{rel}","templated":true}]}}